{"id":666,"date":"2025-07-18T17:31:12","date_gmt":"2025-07-18T15:31:12","guid":{"rendered":"https:\/\/annikaborsetto.com\/privacy-policy\/"},"modified":"2025-09-03T20:53:31","modified_gmt":"2025-09-03T18:53:31","slug":"privacy-policy","status":"publish","type":"page","link":"https:\/\/annikaborsetto.com\/de\/privacy-policy\/","title":{"rendered":"Privacy Policy"},"content":{"rendered":"\t\t<div data-elementor-type=\"wp-page\" data-elementor-id=\"666\" class=\"elementor elementor-666 elementor-3\" data-elementor-post-type=\"page\">\n\t\t\t\t<div class=\"elementor-element elementor-element-199cbf48 e-flex e-con-boxed e-con e-parent\" data-id=\"199cbf48\" data-element_type=\"container\">\n\t\t\t\t\t<div class=\"e-con-inner\">\n\t\t\t\t<div class=\"elementor-element elementor-element-1c8cefe0 elementor-widget elementor-widget-text-editor\" data-id=\"1c8cefe0\" data-element_type=\"widget\" data-widget_type=\"text-editor.default\">\n\t\t\t\t<div class=\"elementor-widget-container\">\n\t\t\t\t\t\t\t\t\t<p><strong>Datenschutzerkl\u00e4rung<\/strong><\/p><p><strong>Letzte Aktualisierung: 18. Oktober 2024<\/strong><\/p><p>Diese Datenschutzerkl\u00e4rung beschreibt die Richtlinien von ANNIKA BORSETTO, Via Resia, 97, BZ 39100, Italien, E-Mail: info@annikaborsetto.com, bez\u00fcglich der Nutzung und Offenlegung deiner Informationen, die wir sammeln, wenn du unsere Website ([https:\/\/annikaborsetto.com](https:\/\/annikaborsetto.com)) nutzt. (der \u201eDienst\u201c). Indem du auf den Dienst zugreifst oder ihn nutzt, stimmst du der Erfassung, Nutzung und Offenlegung deiner Informationen gem\u00e4\u00df dieser Datenschutzerkl\u00e4rung zu. Wenn du damit nicht einverstanden bist, greife bitte nicht auf den Dienst zu und nutze ihn nicht.<\/p><p>Wir k\u00f6nnen diese Datenschutzerkl\u00e4rung jederzeit und ohne vorherige Ank\u00fcndigung \u00e4ndern und werden die \u00fcberarbeitete Datenschutzerkl\u00e4rung auf dem Dienst ver\u00f6ffentlichen. Die \u00fcberarbeitete Richtlinie wird 180 Tage nach ihrer Ver\u00f6ffentlichung wirksam, und dein fortgesetzter Zugriff oder deine Nutzung des Dienstes nach diesem Zeitraum stellt deine Zustimmung zur \u00fcberarbeiteten Datenschutzerkl\u00e4rung dar. Wir empfehlen dir daher, diese Seite regelm\u00e4\u00dfig zu \u00fcberpr\u00fcfen.<\/p><p><br \/><strong>Deine Rechte<\/strong><\/p><p>Je nach anwendbarem Recht hast du m\u00f6glicherweise das Recht, auf deine personenbezogenen Daten zuzugreifen, sie zu berichtigen oder zu l\u00f6schen oder eine Kopie davon zu erhalten. Du hast m\u00f6glicherweise auch das Recht, die aktive Verarbeitung deiner Daten einzuschr\u00e4nken oder ihr zu widersprechen, uns zu bitten, deine personenbezogenen Daten an eine andere Stelle zu \u00fcbertragen, jede Einwilligung zu widerrufen, die du uns zur Verarbeitung deiner Daten erteilt hast, oder eine Beschwerde bei einer gesetzlichen Beh\u00f6rde einzureichen. Um diese Rechte auszu\u00fcben, kannst du uns an info@annikaborsetto.com schreiben. Wir werden deiner Anfrage gem\u00e4\u00df den anwendbaren Gesetzen nachkommen.<\/p><p>Du kannst den Erhalt von Direktmarketing-Mitteilungen oder das von uns f\u00fcr Marketingzwecke durchgef\u00fchrte Profiling ablehnen, indem du uns an info@annikaborsetto.com schreibst.<\/p><p>Bitte beachte, dass du m\u00f6glicherweise nicht auf die Dienste zugreifen oder diese nutzen kannst, f\u00fcr die deine Informationen angefordert wurden, wenn du uns nicht erlaubst, die erforderlichen personenbezogenen Daten zu sammeln oder zu verarbeiten, oder wenn du deine Einwilligung zur Verarbeitung f\u00fcr die erforderlichen Zwecke widerrufst.<\/p><p><br \/><strong>Cookies usw.<\/strong><\/p><p>Um mehr dar\u00fcber zu erfahren, wie wir diese Technologien nutzen und welche Wahlm\u00f6glichkeiten du in Bezug auf diese hast, lies bitte unsere Cookie-Richtlinie.<\/p><p><br \/><strong>Sicherheit<\/strong><\/p><p>Die Sicherheit deiner Informationen ist uns wichtig, und wir werden angemessene Sicherheitsma\u00dfnahmen ergreifen, um den Verlust, Missbrauch oder die unbefugte \u00c4nderung deiner Informationen unter unserer Kontrolle zu verhindern. Angesichts der inh\u00e4renten Risiken k\u00f6nnen wir jedoch keine absolute Sicherheit garantieren. Folglich k\u00f6nnen wir die Sicherheit der Informationen, die du an uns \u00fcbermittelst, nicht gew\u00e4hrleisten oder sicherstellen, und du tust dies auf eigenes Risiko.<\/p><p><br \/><strong>Beschwerdebeauftragter\/Datenschutzbeauftragter<\/strong><\/p><p>Wenn du Fragen oder Bedenken bez\u00fcglich der Verarbeitung deiner uns vorliegenden Informationen hast, kannst du eine E-Mail an unseren Beschwerdebeauftragten bei ANNIKA BORSETTO, Via Resia, 97, E-Mail: info@annikaborsetto.com senden. Wir werden deine Bedenken gem\u00e4\u00df den anwendbaren Gesetzen behandeln.<\/p>\t\t\t\t\t\t\t\t<\/div>\n\t\t\t\t<\/div>\n\t\t\t\t\t<\/div>\n\t\t\t\t<\/div>\n\t\t\t\t<\/div>\n\t\t","protected":false},"excerpt":{"rendered":"<p>Datenschutzerkl\u00e4rung Letzte Aktualisierung: 18. Oktober 2024 Diese Datenschutzerkl\u00e4rung beschreibt die Richtlinien von ANNIKA BORSETTO, Via Resia, 97, BZ 39100, Italien, [&hellip;]<\/p>\n","protected":false},"author":1,"featured_media":0,"parent":0,"menu_order":0,"comment_status":"closed","ping_status":"open","template":"elementor_header_footer","meta":{"site-sidebar-layout":"default","site-content-layout":"","ast-site-content-layout":"default","site-content-style":"default","site-sidebar-style":"default","ast-global-header-display":"","ast-banner-title-visibility":"","ast-main-header-display":"","ast-hfb-above-header-display":"","ast-hfb-below-header-display":"","ast-hfb-mobile-header-display":"","site-post-title":"","ast-breadcrumbs-content":"","ast-featured-img":"","footer-sml-layout":"","theme-transparent-header-meta":"","adv-header-id-meta":"","stick-header-meta":"","header-above-stick-meta":"","header-main-stick-meta":"","header-below-stick-meta":"","astra-migrate-meta-layouts":"default","ast-page-background-enabled":"default","ast-page-background-meta":{"desktop":{"background-color":"var(--ast-global-color-5)","background-image":"","background-repeat":"repeat","background-position":"center center","background-size":"auto","background-attachment":"scroll","background-type":"","background-media":"","overlay-type":"","overlay-color":"","overlay-opacity":"","overlay-gradient":""},"tablet":{"background-color":"","background-image":"","background-repeat":"repeat","background-position":"center center","background-size":"auto","background-attachment":"scroll","background-type":"","background-media":"","overlay-type":"","overlay-color":"","overlay-opacity":"","overlay-gradient":""},"mobile":{"background-color":"","background-image":"","background-repeat":"repeat","background-position":"center center","background-size":"auto","background-attachment":"scroll","background-type":"","background-media":"","overlay-type":"","overlay-color":"","overlay-opacity":"","overlay-gradient":""}},"ast-content-background-meta":{"desktop":{"background-color":"var(--ast-global-color-4)","background-image":"","background-repeat":"repeat","background-position":"center center","background-size":"auto","background-attachment":"scroll","background-type":"","background-media":"","overlay-type":"","overlay-color":"","overlay-opacity":"","overlay-gradient":""},"tablet":{"background-color":"var(--ast-global-color-4)","background-image":"","background-repeat":"repeat","background-position":"center center","background-size":"auto","background-attachment":"scroll","background-type":"","background-media":"","overlay-type":"","overlay-color":"","overlay-opacity":"","overlay-gradient":""},"mobile":{"background-color":"var(--ast-global-color-4)","background-image":"","background-repeat":"repeat","background-position":"center center","background-size":"auto","background-attachment":"scroll","background-type":"","background-media":"","overlay-type":"","overlay-color":"","overlay-opacity":"","overlay-gradient":""}},"footnotes":""},"class_list":["post-666","page","type-page","status-publish","hentry"],"_links":{"self":[{"href":"https:\/\/annikaborsetto.com\/de\/wp-json\/wp\/v2\/pages\/666","targetHints":{"allow":["GET"]}}],"collection":[{"href":"https:\/\/annikaborsetto.com\/de\/wp-json\/wp\/v2\/pages"}],"about":[{"href":"https:\/\/annikaborsetto.com\/de\/wp-json\/wp\/v2\/types\/page"}],"author":[{"embeddable":true,"href":"https:\/\/annikaborsetto.com\/de\/wp-json\/wp\/v2\/users\/1"}],"replies":[{"embeddable":true,"href":"https:\/\/annikaborsetto.com\/de\/wp-json\/wp\/v2\/comments?post=666"}],"version-history":[{"count":6,"href":"https:\/\/annikaborsetto.com\/de\/wp-json\/wp\/v2\/pages\/666\/revisions"}],"predecessor-version":[{"id":717,"href":"https:\/\/annikaborsetto.com\/de\/wp-json\/wp\/v2\/pages\/666\/revisions\/717"}],"wp:attachment":[{"href":"https:\/\/annikaborsetto.com\/de\/wp-json\/wp\/v2\/media?parent=666"}],"curies":[{"name":"wp","href":"https:\/\/api.w.org\/{rel}","templated":true}]}}