{"id":686,"date":"2025-09-02T22:11:22","date_gmt":"2025-09-02T20:11:22","guid":{"rendered":"https:\/\/annikaborsetto.com\/?page_id=686"},"modified":"2025-09-02T22:21:19","modified_gmt":"2025-09-02T20:21:19","slug":"cookie-policy","status":"publish","type":"page","link":"https:\/\/annikaborsetto.com\/de\/cookie-policy\/","title":{"rendered":"Cookie Policy"},"content":{"rendered":"\t\t<div data-elementor-type=\"wp-page\" data-elementor-id=\"686\" class=\"elementor elementor-686 elementor-685\" data-elementor-post-type=\"page\">\n\t\t\t\t<div class=\"elementor-element elementor-element-199cbf48 e-flex e-con-boxed e-con e-parent\" data-id=\"199cbf48\" data-element_type=\"container\">\n\t\t\t\t\t<div class=\"e-con-inner\">\n\t\t\t\t<div class=\"elementor-element elementor-element-1c8cefe0 elementor-widget elementor-widget-text-editor\" data-id=\"1c8cefe0\" data-element_type=\"widget\" data-widget_type=\"text-editor.default\">\n\t\t\t\t<div class=\"elementor-widget-container\">\n\t\t\t\t\t\t\t\t\t<p><strong>Cookie-Richtlinie<\/strong><\/p><p><strong>Letzte Aktualisierung am 21. Oktober 2024<\/strong><\/p><p>Diese Cookie-Richtlinie wurde zuletzt am 21. Oktober 2024 aktualisiert und gilt f\u00fcr B\u00fcrger und rechtm\u00e4\u00dfige Daueraufenthaltsberechtigte des Europ\u00e4ischen Wirtschaftsraums und der Schweiz.<\/p><p><strong>1. Einf\u00fchrung<\/strong><\/p><p>Unsere Website, (https:\/\/annikaborsetto.com) (im Folgenden: \u201edie Website\u201c) verwendet Cookies und andere verwandte Technologien (der Einfachheit halber werden alle Technologien als \u201eCookies\u201c bezeichnet). Cookies werden auch von Dritten platziert, die wir beauftragt haben. Im nachstehenden Dokument informieren wir dich \u00fcber die Verwendung von Cookies auf unserer Website.<\/p><p><strong>2. Was sind Cookies?<\/strong><\/p><p>Cookies sind einfache Dateien, die zusammen mit den Seiten dieser Website gesendet und von deinem Browser auf der Festplatte deines Computers oder anderer Ger\u00e4te gespeichert werden. Die darin gesammelten Informationen k\u00f6nnen bei deinem n\u00e4chsten Besuch an unsere Server oder an die Server von Drittanbietern zur\u00fcckgesendet werden.<\/p><p><strong>3. Was sind Skripte?<\/strong><\/p><p>Ein Skript ist ein St\u00fcck Code, das verwendet wird, um unsere Website korrekt und interaktiv funktionieren zu lassen. Dieser Code wird auf unseren Servern oder auf deinem Ger\u00e4t ausgef\u00fchrt.<\/p><p><strong>4. Was ist ein Web-Beacon?<\/strong><\/p><p>Ein Web-Beacon (oder Pixel-Tag) ist ein kleines, unsichtbares St\u00fcck Text oder Bild auf einer Website, das zur \u00dcberwachung des Website-Verkehrs verwendet wird. Dazu werden mithilfe von Web-Beacons verschiedene Daten \u00fcber dich gespeichert.<\/p><p><strong>5. Cookies<\/strong><\/p><p>5.1 Technische oder funktionale Cookies<\/p><p>Einige Cookies stellen sicher, dass die Website korrekt funktioniert und deine Pr\u00e4ferenzen g\u00fcltig bleiben. Durch das Platzieren funktionaler Cookies erleichtern wir dir den Besuch unserer Website. Auf diese Weise musst du nicht wiederholt dieselben Informationen eingeben, wenn du unsere Website besuchst \u2013 zum Beispiel bleibt ein Artikel so lange in deinem Warenkorb, bis du ihn bezahlt hast. Wir k\u00f6nnen diese Cookies ohne deine Zustimmung platzieren.<\/p><p>5.2 Statistische Cookies<\/p><p>Wir verwenden statistische Cookies, um das Website-Erlebnis f\u00fcr unsere Nutzer zu optimieren. Mit diesen statistischen Cookies erhalten wir Einblicke in die Nutzung unserer Website. Wir bitten um deine Erlaubnis, statistische Cookies zu platzieren.<\/p><p>5.3 Marketing-\/Tracking-Cookies<\/p><p>Marketing-\/Tracking-Cookies sind Cookies oder jede andere Form der lokalen Speicherung, die verwendet werden, um Benutzerprofile zu erstellen, um Werbung anzuzeigen oder den Benutzer auf dieser Website oder \u00fcber verschiedene Websites hinweg f\u00fcr \u00e4hnliche Marketingzwecke zu verfolgen.<\/p><p>5.4 Soziale Medien<\/p><p>Auf unserer Website haben wir Inhalte eingebettet, um Webseiten zu bewerben (z. B. \u201eGef\u00e4llt mir\u201c, \u201ePin\u201c) oder sie in sozialen Netzwerken zu teilen (z. B. \u201eTweet\u201c). Dieser Inhalt ist mit Code von Dritten eingebettet und platziert Cookies. Dieser Inhalt kann bestimmte Informationen f\u00fcr personalisierte Werbung speichern und verarbeiten.<\/p><p>Bitte lies die Datenschutzerkl\u00e4rung dieser sozialen Netzwerke (die sich regelm\u00e4\u00dfig \u00e4ndern kann), um zu erfahren, was sie mit deinen (personenbezogenen) Daten tun, die sie mithilfe dieser Cookies verarbeiten. Die erhaltenen Daten werden so weit wie m\u00f6glich anonymisiert.<\/p>\t\t\t\t\t\t\t\t<\/div>\n\t\t\t\t<\/div>\n\t\t\t\t\t<\/div>\n\t\t\t\t<\/div>\n\t\t\t\t<\/div>\n\t\t","protected":false},"excerpt":{"rendered":"<p>Cookie-Richtlinie Letzte Aktualisierung am 21. Oktober 2024 Diese Cookie-Richtlinie wurde zuletzt am 21. Oktober 2024 aktualisiert und gilt f\u00fcr B\u00fcrger [&hellip;]<\/p>\n","protected":false},"author":1,"featured_media":0,"parent":0,"menu_order":0,"comment_status":"closed","ping_status":"open","template":"elementor_header_footer","meta":{"site-sidebar-layout":"default","site-content-layout":"","ast-site-content-layout":"default","site-content-style":"default","site-sidebar-style":"default","ast-global-header-display":"","ast-banner-title-visibility":"","ast-main-header-display":"","ast-hfb-above-header-display":"","ast-hfb-below-header-display":"","ast-hfb-mobile-header-display":"","site-post-title":"","ast-breadcrumbs-content":"","ast-featured-img":"","footer-sml-layout":"","theme-transparent-header-meta":"","adv-header-id-meta":"","stick-header-meta":"","header-above-stick-meta":"","header-main-stick-meta":"","header-below-stick-meta":"","astra-migrate-meta-layouts":"set","ast-page-background-enabled":"default","ast-page-background-meta":{"desktop":{"background-color":"var(--ast-global-color-5)","background-image":"","background-repeat":"repeat","background-position":"center center","background-size":"auto","background-attachment":"scroll","background-type":"","background-media":"","overlay-type":"","overlay-color":"","overlay-opacity":"","overlay-gradient":""},"tablet":{"background-color":"","background-image":"","background-repeat":"repeat","background-position":"center center","background-size":"auto","background-attachment":"scroll","background-type":"","background-media":"","overlay-type":"","overlay-color":"","overlay-opacity":"","overlay-gradient":""},"mobile":{"background-color":"","background-image":"","background-repeat":"repeat","background-position":"center center","background-size":"auto","background-attachment":"scroll","background-type":"","background-media":"","overlay-type":"","overlay-color":"","overlay-opacity":"","overlay-gradient":""}},"ast-content-background-meta":{"desktop":{"background-color":"var(--ast-global-color-4)","background-image":"","background-repeat":"repeat","background-position":"center center","background-size":"auto","background-attachment":"scroll","background-type":"","background-media":"","overlay-type":"","overlay-color":"","overlay-opacity":"","overlay-gradient":""},"tablet":{"background-color":"var(--ast-global-color-4)","background-image":"","background-repeat":"repeat","background-position":"center center","background-size":"auto","background-attachment":"scroll","background-type":"","background-media":"","overlay-type":"","overlay-color":"","overlay-opacity":"","overlay-gradient":""},"mobile":{"background-color":"var(--ast-global-color-4)","background-image":"","background-repeat":"repeat","background-position":"center center","background-size":"auto","background-attachment":"scroll","background-type":"","background-media":"","overlay-type":"","overlay-color":"","overlay-opacity":"","overlay-gradient":""}},"footnotes":""},"class_list":["post-686","page","type-page","status-publish","hentry"],"_links":{"self":[{"href":"https:\/\/annikaborsetto.com\/de\/wp-json\/wp\/v2\/pages\/686","targetHints":{"allow":["GET"]}}],"collection":[{"href":"https:\/\/annikaborsetto.com\/de\/wp-json\/wp\/v2\/pages"}],"about":[{"href":"https:\/\/annikaborsetto.com\/de\/wp-json\/wp\/v2\/types\/page"}],"author":[{"embeddable":true,"href":"https:\/\/annikaborsetto.com\/de\/wp-json\/wp\/v2\/users\/1"}],"replies":[{"embeddable":true,"href":"https:\/\/annikaborsetto.com\/de\/wp-json\/wp\/v2\/comments?post=686"}],"version-history":[{"count":5,"href":"https:\/\/annikaborsetto.com\/de\/wp-json\/wp\/v2\/pages\/686\/revisions"}],"predecessor-version":[{"id":705,"href":"https:\/\/annikaborsetto.com\/de\/wp-json\/wp\/v2\/pages\/686\/revisions\/705"}],"wp:attachment":[{"href":"https:\/\/annikaborsetto.com\/de\/wp-json\/wp\/v2\/media?parent=686"}],"curies":[{"name":"wp","href":"https:\/\/api.w.org\/{rel}","templated":true}]}}